{"id":3406,"date":"2025-05-19T16:43:04","date_gmt":"2025-05-19T14:43:04","guid":{"rendered":"https:\/\/wickon.com\/staging\/?page_id=3406"},"modified":"2025-12-11T18:01:07","modified_gmt":"2025-12-11T17:01:07","slug":"kontakt","status":"publish","type":"page","link":"https:\/\/wickon.com\/de\/kontakt\/","title":{"rendered":"Kontakt"},"content":{"rendered":"\t\t<div data-elementor-type=\"wp-page\" data-elementor-id=\"3406\" class=\"elementor elementor-3406\" data-elementor-post-type=\"page\">\n\t\t\t\t<div class=\"elementor-element elementor-element-ae63199 e-flex e-con-boxed e-con e-parent\" data-id=\"ae63199\" data-element_type=\"container\" data-e-type=\"container\" data-settings=\"{&quot;background_background&quot;:&quot;classic&quot;}\">\n\t\t\t\t\t<div class=\"e-con-inner\">\n\t\t<div class=\"elementor-element elementor-element-c547f0e e-con-full e-flex e-con e-child\" data-id=\"c547f0e\" data-element_type=\"container\" data-e-type=\"container\">\n\t\t\t\t<div class=\"elementor-element elementor-element-ecc01b9 elementor-widget elementor-widget-heading\" data-id=\"ecc01b9\" data-element_type=\"widget\" data-e-type=\"widget\" data-widget_type=\"heading.default\">\n\t\t\t\t<div class=\"elementor-widget-container\">\n\t\t\t\t\t<h2 class=\"elementor-heading-title elementor-size-default\">Fragen? Z\u00f6gern Sie nicht!<\/h2>\t\t\t\t<\/div>\n\t\t\t\t<\/div>\n\t\t\t\t<div class=\"elementor-element elementor-element-d6c8245 elementor-widget elementor-widget-heading\" data-id=\"d6c8245\" data-element_type=\"widget\" data-e-type=\"widget\" data-widget_type=\"heading.default\">\n\t\t\t\t<div class=\"elementor-widget-container\">\n\t\t\t\t\t<h1 class=\"elementor-heading-title elementor-size-default\">Kontaktieren Sie uns<\/h1>\t\t\t\t<\/div>\n\t\t\t\t<\/div>\n\t\t\t\t<\/div>\n\t\t<div class=\"elementor-element elementor-element-02e7267 e-con-full e-flex e-con e-child\" data-id=\"02e7267\" data-element_type=\"container\" data-e-type=\"container\" data-settings=\"{&quot;background_background&quot;:&quot;classic&quot;}\">\n\t\t\t\t<div class=\"elementor-element elementor-element-c3fd2f5 elementor-widget elementor-widget-heading\" data-id=\"c3fd2f5\" data-element_type=\"widget\" data-e-type=\"widget\" data-widget_type=\"heading.default\">\n\t\t\t\t<div class=\"elementor-widget-container\">\n\t\t\t\t\t<h2 class=\"elementor-heading-title elementor-size-default\">Allgemeine Anfragen<\/h2>\t\t\t\t<\/div>\n\t\t\t\t<\/div>\n\t\t\t\t<div class=\"elementor-element elementor-element-9c4aa44 elementor-widget elementor-widget-text-editor\" data-id=\"9c4aa44\" data-element_type=\"widget\" data-e-type=\"widget\" data-widget_type=\"text-editor.default\">\n\t\t\t\t<div class=\"elementor-widget-container\">\n\t\t\t\t\t\t\t\t\t<p>Sie haben eine Frage zu unseren Produkten oder Dienstleistungen oder eine allgemeine Anfrage? Sie m\u00f6chten mit den Experten von WiCKON Hightech Kontakt aufnehmen? Sie nutzen bereits eines unserer <a href=\"https:\/\/wickon.com\/de\/branchen\/\">Produkte<\/a> und ben\u00f6tigen Support, haben eine technische Frage oder m\u00f6chten von unseren Experten in der Nutzung geschult werden?<\/p><p>Schicken Sie uns eine eMail an <a href=\"mailto:info@wickon.com\">info@wickon.com<\/a> oder nutzen Sie das Kontaktformular<\/p>\t\t\t\t\t\t\t\t<\/div>\n\t\t\t\t<\/div>\n\t\t\t\t<div class=\"elementor-element elementor-element-64c8864 elementor-button-align-center elementor-widget elementor-widget-form\" data-id=\"64c8864\" data-element_type=\"widget\" data-e-type=\"widget\" data-settings=\"{&quot;step_next_label&quot;:&quot;Next&quot;,&quot;step_previous_label&quot;:&quot;Previous&quot;,&quot;button_width&quot;:&quot;100&quot;,&quot;step_type&quot;:&quot;number_text&quot;,&quot;step_icon_shape&quot;:&quot;circle&quot;}\" data-widget_type=\"form.default\">\n\t\t\t\t<div class=\"elementor-widget-container\">\n\t\t\t\t\t\t\t<form class=\"elementor-form\" method=\"post\" name=\"New Form\" aria-label=\"New Form\">\n\t\t\t<input type=\"hidden\" name=\"post_id\" value=\"3406\"\/>\n\t\t\t<input type=\"hidden\" name=\"form_id\" value=\"64c8864\"\/>\n\t\t\t<input type=\"hidden\" name=\"referer_title\" value=\"WiCKON Hightech - so nehmen Sie Kontakt mit uns auf - Wickon Hightech s.r.o.\" \/>\n\n\t\t\t\t\t\t\t<input type=\"hidden\" name=\"queried_id\" value=\"3406\"\/>\n\t\t\t\n\t\t\t<div class=\"elementor-form-fields-wrapper elementor-labels-\">\n\t\t\t\t\t\t\t\t<div class=\"elementor-field-type-select elementor-field-group elementor-column elementor-field-group-field_8298957 elementor-col-100 elementor-field-required\">\n\t\t\t\t\t\t\t<div class=\"elementor-field elementor-select-wrapper remove-before \">\n\t\t\t<div class=\"select-caret-down-wrapper\">\n\t\t\t\t<svg aria-hidden=\"true\" class=\"e-font-icon-svg e-eicon-caret-down\" viewBox=\"0 0 571.4 571.4\" xmlns=\"http:\/\/www.w3.org\/2000\/svg\"><path d=\"M571 393Q571 407 561 418L311 668Q300 679 286 679T261 668L11 418Q0 407 0 393T11 368 36 357H536Q550 357 561 368T571 393Z\"><\/path><\/svg>\t\t\t<\/div>\n\t\t\t<select name=\"form_fields[field_8298957]\" id=\"form-field-field_8298957\" class=\"elementor-field-textual elementor-size-sm\" required=\"required\">\n\t\t\t\t\t\t\t\t\t<option value=\"Allgemeine Anfrage\">Allgemeine Anfrage<\/option>\n\t\t\t\t\t\t\t\t\t<option value=\"Frage \u00fcber ein spezielles Produkt\">Frage \u00fcber ein spezielles Produkt<\/option>\n\t\t\t\t\t\t\t\t\t<option value=\"Technischer Support\">Technischer Support<\/option>\n\t\t\t\t\t\t\t\t\t<option value=\"Schulungsanfrage\">Schulungsanfrage<\/option>\n\t\t\t\t\t\t\t<\/select>\n\t\t<\/div>\n\t\t\t\t\t\t<\/div>\n\t\t\t\t\t\t\t\t<div class=\"elementor-field-type-text elementor-field-group elementor-column elementor-field-group-name elementor-col-100\">\n\t\t\t\t\t\t\t\t\t\t\t\t<label for=\"form-field-name\" class=\"elementor-field-label elementor-screen-only\">\n\t\t\t\t\t\t\t\tName\t\t\t\t\t\t\t<\/label>\n\t\t\t\t\t\t\t\t\t\t\t\t\t\t<input size=\"1\" type=\"text\" name=\"form_fields[name]\" id=\"form-field-name\" class=\"elementor-field elementor-size-sm  elementor-field-textual\" placeholder=\"Name\">\n\t\t\t\t\t\t\t\t\t\t\t<\/div>\n\t\t\t\t\t\t\t\t<div class=\"elementor-field-type-email elementor-field-group elementor-column elementor-field-group-email elementor-col-100 elementor-field-required\">\n\t\t\t\t\t\t\t\t\t\t\t\t<label for=\"form-field-email\" class=\"elementor-field-label elementor-screen-only\">\n\t\t\t\t\t\t\t\teMail\t\t\t\t\t\t\t<\/label>\n\t\t\t\t\t\t\t\t\t\t\t\t\t\t<input size=\"1\" type=\"email\" name=\"form_fields[email]\" id=\"form-field-email\" class=\"elementor-field elementor-size-sm  elementor-field-textual\" placeholder=\"eMail\" required=\"required\">\n\t\t\t\t\t\t\t\t\t\t\t<\/div>\n\t\t\t\t\t\t\t\t<div class=\"elementor-field-type-textarea elementor-field-group elementor-column elementor-field-group-message elementor-col-100\">\n\t\t\t\t\t\t\t\t\t\t\t\t<label for=\"form-field-message\" class=\"elementor-field-label elementor-screen-only\">\n\t\t\t\t\t\t\t\tIhre Nachricht\t\t\t\t\t\t\t<\/label>\n\t\t\t\t\t\t<textarea class=\"elementor-field-textual elementor-field  elementor-size-sm\" name=\"form_fields[message]\" id=\"form-field-message\" rows=\"4\" placeholder=\"Ihre Nachricht\"><\/textarea>\t\t\t\t<\/div>\n\t\t\t\t\t\t\t\t<div class=\"elementor-field-type-recaptcha_v3 elementor-field-group elementor-column elementor-field-group-field_85c6552 elementor-col-100 recaptcha_v3-bottomright\">\n\t\t\t\t\t<div class=\"elementor-field\" id=\"form-field-field_85c6552\"><div class=\"elementor-g-recaptcha\" data-sitekey=\"6LcwHicrAAAAACyoAmpHIBOgORm2oerpegULcndi\" data-type=\"v3\" data-action=\"Form\" data-badge=\"bottomright\" data-size=\"invisible\"><\/div><\/div>\t\t\t\t<\/div>\n\t\t\t\t\t\t\t\t<div class=\"elementor-field-group elementor-column elementor-field-type-submit elementor-col-100 e-form__buttons\">\n\t\t\t\t\t<button class=\"elementor-button elementor-size-sm elementor-animation-grow\" type=\"submit\">\n\t\t\t\t\t\t<span class=\"elementor-button-content-wrapper\">\n\t\t\t\t\t\t\t\t\t\t\t\t\t\t\t\t\t\t\t\t\t\t<span class=\"elementor-button-text\">Absenden<\/span>\n\t\t\t\t\t\t\t\t\t\t\t\t\t<\/span>\n\t\t\t\t\t<\/button>\n\t\t\t\t<\/div>\n\t\t\t<\/div>\n\t\t<\/form>\n\t\t\t\t\t\t<\/div>\n\t\t\t\t<\/div>\n\t\t\t\t<\/div>\n\t\t\t\t\t<\/div>\n\t\t\t\t<\/div>\n\t\t<div class=\"elementor-element elementor-element-11352fa e-flex e-con-boxed e-con e-parent\" data-id=\"11352fa\" data-element_type=\"container\" data-e-type=\"container\" data-settings=\"{&quot;background_background&quot;:&quot;classic&quot;}\">\n\t\t\t\t\t<div class=\"e-con-inner\">\n\t\t<div class=\"elementor-element elementor-element-ee745ae e-con-full e-flex e-con e-child\" data-id=\"ee745ae\" data-element_type=\"container\" data-e-type=\"container\">\n\t\t\t\t<div class=\"elementor-element elementor-element-f67a0b1 elementor-widget elementor-widget-heading\" data-id=\"f67a0b1\" data-element_type=\"widget\" data-e-type=\"widget\" data-widget_type=\"heading.default\">\n\t\t\t\t<div class=\"elementor-widget-container\">\n\t\t\t\t\t<h2 class=\"elementor-heading-title elementor-size-default\">Eingetragene Gesch\u00e4ftsadresse<\/h2>\t\t\t\t<\/div>\n\t\t\t\t<\/div>\n\t\t\t\t<div class=\"elementor-element elementor-element-10cd0a1 elementor-widget elementor-widget-text-editor\" data-id=\"10cd0a1\" data-element_type=\"widget\" data-e-type=\"widget\" data-widget_type=\"text-editor.default\">\n\t\t\t\t<div class=\"elementor-widget-container\">\n\t\t\t\t\t\t\t\t\t<p>Mezi Zahradami 470<br \/>CZ \u2013 250 64 Hovor\u010dovice<\/p>\t\t\t\t\t\t\t\t<\/div>\n\t\t\t\t<\/div>\n\t\t\t\t<div class=\"elementor-element elementor-element-3b334bb elementor-widget elementor-widget-heading\" data-id=\"3b334bb\" data-element_type=\"widget\" data-e-type=\"widget\" data-widget_type=\"heading.default\">\n\t\t\t\t<div class=\"elementor-widget-container\">\n\t\t\t\t\t<h2 class=\"elementor-heading-title elementor-size-default\">Gesch\u00e4ftsadresse<\/h2>\t\t\t\t<\/div>\n\t\t\t\t<\/div>\n\t\t\t\t<div class=\"elementor-element elementor-element-ca8045c elementor-widget elementor-widget-text-editor\" data-id=\"ca8045c\" data-element_type=\"widget\" data-e-type=\"widget\" data-widget_type=\"text-editor.default\">\n\t\t\t\t<div class=\"elementor-widget-container\">\n\t\t\t\t\t\t\t\t\t<p><a href=\"https:\/\/maps.app.goo.gl\/wANBWdU5wBFtidLDA\" target=\"_blank\" rel=\"noopener\">Mladoboleslavsk\u00e1 1116<\/a><br \/><a href=\"https:\/\/maps.app.goo.gl\/wANBWdU5wBFtidLDA\" target=\"_blank\" rel=\"noopener\">CZ \u2013 197 00 Praha 9 \u2013 Kbely<\/a><\/p>\t\t\t\t\t\t\t\t<\/div>\n\t\t\t\t<\/div>\n\t\t\t\t<\/div>\n\t\t<div class=\"elementor-element elementor-element-82eaf2e e-con-full e-flex e-con e-child\" data-id=\"82eaf2e\" data-element_type=\"container\" data-e-type=\"container\">\n\t\t\t\t<div class=\"elementor-element elementor-element-3fba54e elementor-widget elementor-widget-premium-addon-maps\" data-id=\"3fba54e\" data-element_type=\"widget\" data-e-type=\"widget\" data-widget_type=\"premium-addon-maps.default\">\n\t\t\t\t<div class=\"elementor-widget-container\">\n\t\t\t\t\t\n\t<div class=\"premium-maps-container\" id=\"premium-maps-container\">\n\n\t\t\n\t\t\t<div class=\"premium_maps_map_height premium-addons__v-hidden\" data-settings=\"{&quot;mapId&quot;:&quot;&quot;,&quot;maptype&quot;:&quot;roadmap&quot;,&quot;streetViewControl&quot;:false,&quot;centerlat&quot;:&quot;50.1304726&quot;,&quot;centerlong&quot;:&quot;14.5428764&quot;,&quot;scrollwheel&quot;:false,&quot;fullScreen&quot;:false,&quot;zoomControl&quot;:false,&quot;typeControl&quot;:false,&quot;automaticOpen&quot;:false,&quot;hoverOpen&quot;:false,&quot;hoverClose&quot;:false,&quot;cluster&quot;:false,&quot;cluster_icon&quot;:&quot;&quot;,&quot;cluster_icon_size&quot;:&quot;&quot;,&quot;drag&quot;:&quot;&quot;,&quot;loadScroll&quot;:&quot;&quot;,&quot;linkedCarouselId&quot;:&quot;&quot;}\" data-style=\"\">\n\t\t\t\t\n\t\t\t<div class=\"premium-pin elementor-invisible\" data-lng=\"14.5428764\" data-lat=\"50.1304726\" data-icon=\"\" data-icon-size=\"\" data-max-width=\"1000\" data-activated=\"\">\n\t\t\t\t\t\t\t\t\t<div class='premium-maps-info-container'>\n\n\t\t\t\t\t\t<div class='premium-maps-title-wrap'>\n\t\t\t\t\t\t\t<p class='premium-maps-info-title'>Wickon Hightech s.r.o.<\/p>\n\t\t\t\t\t\t<\/div>\n\n\t\t\t\t\t\t<div class='premium-maps-info-desc'>\n\t\t\t\t\t\t\t\t\t\t\t\t\t<\/div>\n\n\t\t\t\t\t<\/div>\n\t\t\t\t\t\t\t<\/div>\n\n\t\t\n\t\t\t\t\t\n\t\t\t<\/div>\n\n\t\t\n\t<\/div>\n\n\t\t\t\t\t\t<\/div>\n\t\t\t\t<\/div>\n\t\t\t\t<\/div>\n\t\t\t\t\t<\/div>\n\t\t\t\t<\/div>\n\t\t\t\t<\/div>\n\t\t","protected":false},"excerpt":{"rendered":"<p>Fragen? Z\u00f6gern Sie nicht! Kontaktieren Sie uns Allgemeine Anfragen Sie haben eine Frage zu unseren Produkten oder Dienstleistungen oder eine allgemeine Anfrage? Sie m\u00f6chten mit den Experten von WiCKON Hightech Kontakt aufnehmen? Sie nutzen bereits eines unserer Produkte und ben\u00f6tigen Support, haben eine technische Frage oder m\u00f6chten von unseren Experten in der Nutzung geschult werden? [&hellip;]<\/p>\n","protected":false},"author":5,"featured_media":0,"parent":0,"menu_order":0,"comment_status":"closed","ping_status":"closed","template":"","meta":{"footnotes":""},"class_list":["post-3406","page","type-page","status-publish","hentry"],"yoast_head":"<!-- This site is optimized with the Yoast SEO plugin v27.4 - https:\/\/yoast.com\/product\/yoast-seo-wordpress\/ -->\n<title>WiCKON Hightech - so nehmen Sie Kontakt mit uns auf - Wickon Hightech s.r.o.<\/title>\n<meta name=\"description\" content=\"Kontakt zu WiCKON Hightech: Jetzt mit unseren Experten f\u00fcr AOI, 3D-Inspektion und automatisierte Qualit\u00e4tskontrolle sprechen.\" \/>\n<meta name=\"robots\" content=\"index, follow, max-snippet:-1, max-image-preview:large, max-video-preview:-1\" \/>\n<link rel=\"canonical\" href=\"https:\/\/wickon.com\/de\/kontakt\/\" \/>\n<meta property=\"og:locale\" content=\"de_DE\" \/>\n<meta property=\"og:type\" content=\"article\" \/>\n<meta property=\"og:title\" content=\"WiCKON Hightech - so nehmen Sie Kontakt mit uns auf - Wickon Hightech s.r.o.\" \/>\n<meta property=\"og:description\" content=\"Kontakt zu WiCKON Hightech: Jetzt mit unseren Experten f\u00fcr AOI, 3D-Inspektion und automatisierte Qualit\u00e4tskontrolle sprechen.\" \/>\n<meta property=\"og:url\" content=\"https:\/\/wickon.com\/de\/kontakt\/\" \/>\n<meta property=\"og:site_name\" content=\"Wickon Hightech s.r.o.\" \/>\n<meta property=\"article:modified_time\" content=\"2025-12-11T17:01:07+00:00\" \/>\n<meta name=\"twitter:card\" content=\"summary_large_image\" \/>\n<meta name=\"twitter:label1\" content=\"Gesch\u00e4tzte Lesezeit\" \/>\n\t<meta name=\"twitter:data1\" content=\"12\u00a0Minuten\" \/>\n<script type=\"application\/ld+json\" class=\"yoast-schema-graph\">{\"@context\":\"https:\\\/\\\/schema.org\",\"@graph\":[{\"@type\":\"WebPage\",\"@id\":\"https:\\\/\\\/wickon.com\\\/de\\\/kontakt\\\/\",\"url\":\"https:\\\/\\\/wickon.com\\\/de\\\/kontakt\\\/\",\"name\":\"WiCKON Hightech - so nehmen Sie Kontakt mit uns auf - Wickon Hightech s.r.o.\",\"isPartOf\":{\"@id\":\"https:\\\/\\\/wickon.com\\\/de\\\/#website\"},\"datePublished\":\"2025-05-19T14:43:04+00:00\",\"dateModified\":\"2025-12-11T17:01:07+00:00\",\"description\":\"Kontakt zu WiCKON Hightech: Jetzt mit unseren Experten f\u00fcr AOI, 3D-Inspektion und automatisierte Qualit\u00e4tskontrolle sprechen.\",\"breadcrumb\":{\"@id\":\"https:\\\/\\\/wickon.com\\\/de\\\/kontakt\\\/#breadcrumb\"},\"inLanguage\":\"de\",\"potentialAction\":[{\"@type\":\"ReadAction\",\"target\":[\"https:\\\/\\\/wickon.com\\\/de\\\/kontakt\\\/\"]}]},{\"@type\":\"BreadcrumbList\",\"@id\":\"https:\\\/\\\/wickon.com\\\/de\\\/kontakt\\\/#breadcrumb\",\"itemListElement\":[{\"@type\":\"ListItem\",\"position\":1,\"name\":\"Home\",\"item\":\"https:\\\/\\\/wickon.com\\\/de\\\/\"},{\"@type\":\"ListItem\",\"position\":2,\"name\":\"Kontakt\"}]},{\"@type\":\"WebSite\",\"@id\":\"https:\\\/\\\/wickon.com\\\/de\\\/#website\",\"url\":\"https:\\\/\\\/wickon.com\\\/de\\\/\",\"name\":\"Wickon Hightech s.r.o.\",\"description\":\"Automated Optical Inspection Systems (AOI) for industry\",\"publisher\":{\"@id\":\"https:\\\/\\\/wickon.com\\\/de\\\/#organization\"},\"potentialAction\":[{\"@type\":\"SearchAction\",\"target\":{\"@type\":\"EntryPoint\",\"urlTemplate\":\"https:\\\/\\\/wickon.com\\\/de\\\/?s={search_term_string}\"},\"query-input\":{\"@type\":\"PropertyValueSpecification\",\"valueRequired\":true,\"valueName\":\"search_term_string\"}}],\"inLanguage\":\"de\"},{\"@type\":\"Organization\",\"@id\":\"https:\\\/\\\/wickon.com\\\/de\\\/#organization\",\"name\":\"Wickon Hightech s.r.o.\",\"url\":\"https:\\\/\\\/wickon.com\\\/de\\\/\",\"logo\":{\"@type\":\"ImageObject\",\"inLanguage\":\"de\",\"@id\":\"https:\\\/\\\/wickon.com\\\/de\\\/#\\\/schema\\\/logo\\\/image\\\/\",\"url\":\"https:\\\/\\\/wickon.com\\\/wp-content\\\/uploads\\\/2025\\\/05\\\/wickon_logo-scaled.png\",\"contentUrl\":\"https:\\\/\\\/wickon.com\\\/wp-content\\\/uploads\\\/2025\\\/05\\\/wickon_logo-scaled.png\",\"width\":2560,\"height\":846,\"caption\":\"Wickon Hightech s.r.o.\"},\"image\":{\"@id\":\"https:\\\/\\\/wickon.com\\\/de\\\/#\\\/schema\\\/logo\\\/image\\\/\"}}]}<\/script>\n<!-- \/ Yoast SEO plugin. -->","yoast_head_json":{"title":"WiCKON Hightech - so nehmen Sie Kontakt mit uns auf - Wickon Hightech s.r.o.","description":"Kontakt zu WiCKON Hightech: Jetzt mit unseren Experten f\u00fcr AOI, 3D-Inspektion und automatisierte Qualit\u00e4tskontrolle sprechen.","robots":{"index":"index","follow":"follow","max-snippet":"max-snippet:-1","max-image-preview":"max-image-preview:large","max-video-preview":"max-video-preview:-1"},"canonical":"https:\/\/wickon.com\/de\/kontakt\/","og_locale":"de_DE","og_type":"article","og_title":"WiCKON Hightech - so nehmen Sie Kontakt mit uns auf - Wickon Hightech s.r.o.","og_description":"Kontakt zu WiCKON Hightech: Jetzt mit unseren Experten f\u00fcr AOI, 3D-Inspektion und automatisierte Qualit\u00e4tskontrolle sprechen.","og_url":"https:\/\/wickon.com\/de\/kontakt\/","og_site_name":"Wickon Hightech s.r.o.","article_modified_time":"2025-12-11T17:01:07+00:00","twitter_card":"summary_large_image","twitter_misc":{"Gesch\u00e4tzte Lesezeit":"12\u00a0Minuten"},"schema":{"@context":"https:\/\/schema.org","@graph":[{"@type":"WebPage","@id":"https:\/\/wickon.com\/de\/kontakt\/","url":"https:\/\/wickon.com\/de\/kontakt\/","name":"WiCKON Hightech - so nehmen Sie Kontakt mit uns auf - Wickon Hightech s.r.o.","isPartOf":{"@id":"https:\/\/wickon.com\/de\/#website"},"datePublished":"2025-05-19T14:43:04+00:00","dateModified":"2025-12-11T17:01:07+00:00","description":"Kontakt zu WiCKON Hightech: Jetzt mit unseren Experten f\u00fcr AOI, 3D-Inspektion und automatisierte Qualit\u00e4tskontrolle sprechen.","breadcrumb":{"@id":"https:\/\/wickon.com\/de\/kontakt\/#breadcrumb"},"inLanguage":"de","potentialAction":[{"@type":"ReadAction","target":["https:\/\/wickon.com\/de\/kontakt\/"]}]},{"@type":"BreadcrumbList","@id":"https:\/\/wickon.com\/de\/kontakt\/#breadcrumb","itemListElement":[{"@type":"ListItem","position":1,"name":"Home","item":"https:\/\/wickon.com\/de\/"},{"@type":"ListItem","position":2,"name":"Kontakt"}]},{"@type":"WebSite","@id":"https:\/\/wickon.com\/de\/#website","url":"https:\/\/wickon.com\/de\/","name":"Wickon Hightech s.r.o.","description":"Automated Optical Inspection Systems (AOI) for industry","publisher":{"@id":"https:\/\/wickon.com\/de\/#organization"},"potentialAction":[{"@type":"SearchAction","target":{"@type":"EntryPoint","urlTemplate":"https:\/\/wickon.com\/de\/?s={search_term_string}"},"query-input":{"@type":"PropertyValueSpecification","valueRequired":true,"valueName":"search_term_string"}}],"inLanguage":"de"},{"@type":"Organization","@id":"https:\/\/wickon.com\/de\/#organization","name":"Wickon Hightech s.r.o.","url":"https:\/\/wickon.com\/de\/","logo":{"@type":"ImageObject","inLanguage":"de","@id":"https:\/\/wickon.com\/de\/#\/schema\/logo\/image\/","url":"https:\/\/wickon.com\/wp-content\/uploads\/2025\/05\/wickon_logo-scaled.png","contentUrl":"https:\/\/wickon.com\/wp-content\/uploads\/2025\/05\/wickon_logo-scaled.png","width":2560,"height":846,"caption":"Wickon Hightech s.r.o."},"image":{"@id":"https:\/\/wickon.com\/de\/#\/schema\/logo\/image\/"}}]}},"_links":{"self":[{"href":"https:\/\/wickon.com\/de\/wp-json\/wp\/v2\/pages\/3406","targetHints":{"allow":["GET"]}}],"collection":[{"href":"https:\/\/wickon.com\/de\/wp-json\/wp\/v2\/pages"}],"about":[{"href":"https:\/\/wickon.com\/de\/wp-json\/wp\/v2\/types\/page"}],"author":[{"embeddable":true,"href":"https:\/\/wickon.com\/de\/wp-json\/wp\/v2\/users\/5"}],"replies":[{"embeddable":true,"href":"https:\/\/wickon.com\/de\/wp-json\/wp\/v2\/comments?post=3406"}],"version-history":[{"count":10,"href":"https:\/\/wickon.com\/de\/wp-json\/wp\/v2\/pages\/3406\/revisions"}],"predecessor-version":[{"id":5574,"href":"https:\/\/wickon.com\/de\/wp-json\/wp\/v2\/pages\/3406\/revisions\/5574"}],"wp:attachment":[{"href":"https:\/\/wickon.com\/de\/wp-json\/wp\/v2\/media?parent=3406"}],"curies":[{"name":"wp","href":"https:\/\/api.w.org\/{rel}","templated":true}]}}