{"id":3429,"date":"2025-05-19T16:43:54","date_gmt":"2025-05-19T14:43:54","guid":{"rendered":"https:\/\/wickon.com\/staging\/?page_id=3429"},"modified":"2025-10-30T18:52:17","modified_gmt":"2025-10-30T17:52:17","slug":"datenschutzerklaerung","status":"publish","type":"page","link":"https:\/\/wickon.com\/de\/datenschutzerklaerung\/","title":{"rendered":"Datenschutzerkl\u00e4rung"},"content":{"rendered":"\t\t<div data-elementor-type=\"wp-page\" data-elementor-id=\"3429\" class=\"elementor elementor-3429\" data-elementor-post-type=\"page\">\n\t\t\t\t<div class=\"elementor-element elementor-element-716bc9e e-flex e-con-boxed e-con e-parent\" data-id=\"716bc9e\" data-element_type=\"container\" data-e-type=\"container\" data-settings=\"{&quot;background_background&quot;:&quot;classic&quot;}\">\n\t\t\t\t\t<div class=\"e-con-inner\">\n\t\t\t\t<div class=\"elementor-element elementor-element-08929fa elementor-widget elementor-widget-heading\" data-id=\"08929fa\" data-element_type=\"widget\" data-e-type=\"widget\" data-widget_type=\"heading.default\">\n\t\t\t\t<div class=\"elementor-widget-container\">\n\t\t\t\t\t<h1 class=\"elementor-heading-title elementor-size-default\">Datenschutzerkl\u00e4rung<\/h1>\t\t\t\t<\/div>\n\t\t\t\t<\/div>\n\t\t\t\t<div class=\"elementor-element elementor-element-2da737b elementor-widget elementor-widget-text-editor\" data-id=\"2da737b\" data-element_type=\"widget\" data-e-type=\"widget\" data-widget_type=\"text-editor.default\">\n\t\t\t\t<div class=\"elementor-widget-container\">\n\t\t\t\t\t\t\t\t\t<p>gem\u00e4\u00df Artikel 13 der Datenschutz-Grundverordnung (DSGVO)<\/p><p>Wir freuen uns \u00fcber Ihr Interesse an unserer Website. Das Vertrauen aller Besucher, die Sicherheit Ihrer Daten und der Schutz Ihrer Privatsph\u00e4re sind uns sehr wichtig.<\/p><p>Deshalb behandeln wir Ihre personenbezogenen Daten gem\u00e4\u00df den geltenden Datenschutzgesetzen und dieser Datenschutzerkl\u00e4rung. Personenbezogene Daten sind Informationen, die dazu genutzt werden k\u00f6nnen, Sie zu identifizieren. Typische personenbezogene Daten sind unter anderem Ihr Name, Vorname, Ihre Adresse, Telefonnummer, IP-Adresse, Cookies und Ihre E-Mail-Adresse.<\/p><p>Wenn Sie unsere Website aufrufen, nutzen oder uns anderweitig explizit Informationen \u00fcbermitteln, verarbeiten wir die Daten, die uns bei jeder Anfrage Ihres Browsers automatisch \u00fcbermittelt werden (weitere Informationen finden Sie im Abschnitt \u201eProtokolldaten\u201c). Soweit Sie uns freiwillig personenbezogene Daten zur Verf\u00fcgung stellen, erfolgt die Verarbeitung ausschlie\u00dflich zum Zweck der Anfrage bzw. der jeweiligen Bestellung. Bitte beachten Sie, dass die Daten\u00fcbertragung im Internet nie l\u00fcckenlos vor dem Zugriff Dritter gesch\u00fctzt werden kann.<\/p><p>Im Folgenden m\u00f6chten wir in den einzelnen Abschnitten genauer erl\u00e4utern, welche Daten wir wann und zu welchem \u200b\u200bZweck verarbeiten. Sie erl\u00e4utert, wie unsere angebotenen Dienste funktionieren und wie der Schutz Ihrer personenbezogenen Daten gew\u00e4hrleistet wird.<\/p><h3>Name und Anschrift des\/der Verantwortlichen:<\/h3><p>Verantwortlicher im Sinne der Europ\u00e4ischen Datenschutz-Grundverordnung (DSGVO) sowie sonstiger datenschutzrechtlicher Bestimmungen ist die:<\/p><p>Wickon Hightech s.r.o.<br \/>Mladoboleslavska 1116<br \/>19700 Prague \u2013 Kbely<br \/>Tschechische Republik<\/p><h3>Rechtsgrundlage f\u00fcr die Verarbeitung personenbezogener Daten<\/h3><p>Wir d\u00fcrfen als Anbieter personenbezogene Daten von Websitebesuchern nur verarbeiten, wenn eine der nachfolgend erl\u00e4uterten Rechtsgrundlagen zutrifft:<\/p><p>Soweit wir f\u00fcr Verarbeitungsvorg\u00e4nge personenbezogener Daten eine Einwilligung der betroffenen Person einholen, dient Art. 6 Abs. 1 lit. a DSGVO als Rechtsgrundlage.<\/p><p>Bei der Verarbeitung von personenbezogenen Daten, die zur Erf\u00fcllung eines Vertrages, dessen Vertragspartei die betroffene Person ist, erforderlich ist, dient Art. 6 Abs. 1 lit. b DSGVO als Rechtsgrundlage. Dies gilt auch f\u00fcr Verarbeitungsvorg\u00e4nge, die zur Durchf\u00fchrung vorvertraglicher Ma\u00dfnahmen erforderlich sind.<\/p><p>Soweit eine Verarbeitung personenbezogener Daten zur Erf\u00fcllung einer rechtlichen Verpflichtung erforderlich ist, der unser Unternehmen unterliegt, dient Art. 6 Abs. 1 lit. c DSGVO als Rechtsgrundlage.<\/p><p>F\u00fcr den Fall, dass lebenswichtige Interessen der betroffenen Person oder einer anderen nat\u00fcrlichen Person eine Verarbeitung personenbezogener Daten erforderlich machen, dient Art. 6 Abs. 1 lit. d DSGVO als Rechtsgrundlage.<\/p><p>Ist die Verarbeitung zur Wahrung eines berechtigten Interesses unseres Unternehmens oder eines Dritten erforderlich und \u00fcberwiegen die Interessen, Grundrechte und Grundfreiheiten des Betroffenen das erstgenannte Interesse nicht, so dient Art. 6 Abs. 1 lit. f DSGVO als Rechtsgrundlage f\u00fcr die Verarbeitung.<\/p><h3>Datenl\u00f6schung und Speicherdauer<\/h3><p>Die personenbezogenen Daten der betroffenen Person werden gel\u00f6scht oder gesperrt, sobald der Zweck der Speicherung entf\u00e4llt.<\/p><p>Eine Speicherung kann dar\u00fcber hinaus erfolgen, wenn dies durch den europ\u00e4ischen oder nationalen Gesetzgeber in unionsrechtlichen Verordnungen, Gesetzen oder sonstigen Vorschriften, denen der Verantwortliche unterliegt, vorgesehen wurde.<\/p><p>Eine Sperrung oder L\u00f6schung der Daten erfolgt auch dann, wenn eine durch die genannten Normen vorgeschriebene Speicherfrist abl\u00e4uft, es sei denn, dass eine Erforderlichkeit zur weiteren Speicherung der Daten f\u00fcr einen Vertragsabschluss oder eine Vertragserf\u00fcllung besteht.<\/p><h3>Kontakt<\/h3><p>Bei der Kontaktaufnahme mit uns (z. B. per Kontaktformular, E-Mail, Telefon oder \u00fcber soziale Medien) werden Ihre Angaben zur Bearbeitung der Kontaktanfrage und deren Abwicklung gem. Art. 6 Abs. 1 lit. b DSGVO (vorvertragliche Ma\u00dfnahme) verarbeitet.<\/p><p>Wir l\u00f6schen die Anfragen, sofern diese nicht mehr erforderlich sind. Wir \u00fcberpr\u00fcfen die Erforderlichkeit alle zwei Jahre. Dar\u00fcber hinaus gelten die gesetzlichen Archivierungspflichten.<\/p><h3>Rechtsgrundlage<\/h3><p>Rechtsgrundlage f\u00fcr die Verarbeitung dieser Daten sind vorvertragliche Ma\u00dfnahmen gem\u00e4\u00df Art. 6 Abs. 1 lit. b DSGVO.<\/p><h3>Protokolldaten<\/h3><p>Der Anbieter der Internetdienste (Provider) erhebt automatisch sogenannte Protokolldaten in Server-Logdateien.<\/p><p>Die Protokolldaten enthalten folgende Informationen:<\/p><ul><li>Datum und Uhrzeit der jeweiligen Anfrage<\/li><li>Angeforderte Internetadresse (URL)<\/li><li>Zuvor besuchte URL (Referrer)<\/li><li>Verwendeter Browser und Sprache<\/li><li>Verwendetes Betriebssystem<\/li><li>IP-Adresse und Hostname des Besuchers<\/li><li>Zugriffsstatus\/HTTP-Statuscode<\/li><li>Jeweils \u00fcbertragene Datenmenge<\/li><\/ul><p>Die \u00dcbermittlung dieser Daten an uns erfolgt automatisch und kann mit vertretbarem Aufwand nicht Ihrer Person zugeordnet werden.<\/p><h3>Rechtsgrundlage<\/h3><p>Rechtsgrundlage f\u00fcr die Verarbeitung dieser Daten ist unser berechtigtes Interesse gem\u00e4\u00df Art. 6 Abs. 1 lit. f DSGVO.<\/p><p>Die Protokollierung dient der Zugriffskontrolle und der \u00dcberwachung technischer Prozesse sowie deren Optimierung. Dar\u00fcber hinaus dienen diese Daten der datenschutzrechtlichen \u00dcberpr\u00fcfung von Verarbeitungsprozessen gem\u00e4\u00df \u00a7 76 BDSG.<\/p><p>Eine Weitergabe an Dritte erfolgt nicht, au\u00dfer an Strafverfolgungsbeh\u00f6rden auf gerichtliche Anordnung im Einzelfall.<\/p><p>Die Daten werden gel\u00f6scht, sobald sie f\u00fcr die Erreichung des Zweckes ihrer Erhebung nicht mehr erforderlich sind oder die gesetzlich vorgeschriebene Speicherfrist abgelaufen ist.<\/p><p>Es besteht daher seitens des Nutzers keine Widerspruchsm\u00f6glichkeit.<\/p><h3>Ihre Rechte<\/h3><p>Sie haben jederzeit das Recht auf unentgeltliche Auskunft \u00fcber Ihre bei uns gespeicherten personenbezogenen Daten sowie ggf. ein Recht auf Berichtigung, Einschr\u00e4nkung der Verarbeitung oder L\u00f6schung dieser Daten. Ihnen steht zudem das Recht auf Daten\u00fcbertragbarkeit zu. Sie haben zudem das Recht, sich bei einer Datenschutz-Aufsichtsbeh\u00f6rde \u00fcber die Verarbeitung Ihrer personenbezogenen Daten durch uns zu beschweren.<\/p><h3>Widerspruchsrecht<\/h3><p>Wir m\u00f6chten Sie zudem darauf hinweisen, dass Sie entsprechend den gesetzlichen Vorgaben jederzeit Widerspruch gegen die Verarbeitung Ihrer personenbezogenen Daten gem. Art. 21 DSGVO einlegen k\u00f6nnen. Der Widerspruch kann insbesondere gegen die Verarbeitung f\u00fcr Zwecke der Direktwerbung erfolgen.<\/p><h3>Auskunftsrecht<\/h3><p>Bei Fragen zur Erhebung, Verarbeitung oder Nutzung Ihrer personenbezogenen Daten, bei Ausk\u00fcnften, Berichtigung, Sperrung oder L\u00f6schung von Daten sowie Widerruf ggf. erteilter Einwilligungen oder Widerspruch gegen eine bestimmte Datenverwendung wenden Sie sich bitte an folgende E-Mail-Adresse:<\/p><p>info@wickon.com<\/p><h3>Verschl\u00fcsselung mit SSL \/ TLS<\/h3><p>Aus Sicherheitsgr\u00fcnden nutzt unsere Website eine SSL- bzw. TLS-Verschl\u00fcsselung. Dadurch ist gew\u00e4hrleistet, dass \u00fcbermittelte Daten nicht von Dritten mitgelesen werden k\u00f6nnen. Eine erfolgreiche Verschl\u00fcsselung erkennen Sie daran, dass die Protokollbezeichnung in der Adresszeile Ihres Browsers von \u201ehttp:\/\/\u201c auf \u201ehttps:\/\/\u201c wechselt und dort ein geschlossenes Schloss-Symbol sichtbar ist.<\/p><h3>Links<\/h3><p>Diese Website kann Links zu Websites anderer Unternehmen enthalten, darunter auch Social-Media-Kan\u00e4le.<\/p><p>Wenn Sie solchen Links folgen, k\u00f6nnen Sie auf Cookies sto\u00dfen, die nicht unserer Kontrolle unterliegen. Wir \u00fcbernehmen hierf\u00fcr keine Haftung und verweisen auf die Datenschutz- bzw. Cookie-Richtlinien der jeweiligen Websites.<\/p><h3>Web Hosting via all-inkl<\/h3><p>Wir nutzen die Dienste von ALL-INKL.COM \u2013 Neue Medien M\u00fcnnich, Hauptstra\u00dfe 68, 02742 Friedersdorf, f\u00fcr das Webhosting unserer Webseiten und haben mit all-inkl.com einen Auftragsverarbeitungsvertrag gem\u00e4\u00df Art. 28 DSGVO abgeschlossen.<\/p><p>Weitere Informationen finden Sie in der Datenschutzerkl\u00e4rung von all-inkl. unter <a href=\"https:\/\/all-inkl.com\/datenschutzinformationen\" target=\"_blank\" rel=\"noopener\">https:\/\/all-inkl.com\/datenschutzinformationen<\/a>.<\/p><h3>Rechtsgrundlage<\/h3><p>Rechtsgrundlage f\u00fcr die Verarbeitung dieser Daten ist unser berechtigtes Interesse am Betrieb und der Erhaltung der Sicherheit dieser Webseiten gem\u00e4\u00df Art. 6 Abs. 1 lit. f DSGVO.<\/p><div class=\"BorlabsCookie\"><h3 class=\"_brlbs _brlbs-cg-statistics\">Statistik<\/h3><p class=\"_brlbs _brlbs-cg-statistics\">Statistik Cookies erfassen Informationen anonym. Diese Informationen helfen uns zu verstehen, wie unsere Besucher unsere Website nutzen.<\/p><h3 class=\"_brlbs _brlbs-cg-marketing\">Marketing<\/h3><p class=\"_brlbs _brlbs-cg-marketing\">Marketing-Cookies werden von Drittanbietern oder Publishern verwendet, um personalisierte Werbung anzuzeigen. Sie tun dies, indem sie Besucher \u00fcber Websites hinweg verfolgen.<\/p><h3 class=\"_brlbs _brlbs-cg-external-media\">Externe Medien<\/h3><p class=\"_brlbs _brlbs-cg-external-media\">Inhalte von Videoplattformen und Social-Media-Plattformen werden standardm\u00e4\u00dfig blockiert. Wenn Cookies von externen Medien akzeptiert werden, bedarf der Zugriff auf diese Inhalte keiner manuellen Einwilligung mehr.<\/p><\/div><h4>Rechtsgrundlage<\/h4><p>Rechtsgrundlage f\u00fcr die Verarbeitung dieser Daten ist Ihre Einwilligung gem\u00e4\u00df Art. 6 Abs. 1 lit. a DSGVO.<\/p>\t\t\t\t\t\t\t\t<\/div>\n\t\t\t\t<\/div>\n\t\t\t\t\t<\/div>\n\t\t\t\t<\/div>\n\t\t\t\t<\/div>\n\t\t","protected":false},"excerpt":{"rendered":"<p>Datenschutzerkl\u00e4rung gem\u00e4\u00df Artikel 13 der Datenschutz-Grundverordnung (DSGVO) Wir freuen uns \u00fcber Ihr Interesse an unserer Website. Das Vertrauen aller Besucher, die Sicherheit Ihrer Daten und der Schutz Ihrer Privatsph\u00e4re sind uns sehr wichtig. Deshalb behandeln wir Ihre personenbezogenen Daten gem\u00e4\u00df den geltenden Datenschutzgesetzen und dieser Datenschutzerkl\u00e4rung. Personenbezogene Daten sind Informationen, die dazu genutzt werden k\u00f6nnen, [&hellip;]<\/p>\n","protected":false},"author":5,"featured_media":0,"parent":0,"menu_order":0,"comment_status":"closed","ping_status":"closed","template":"","meta":{"footnotes":""},"class_list":["post-3429","page","type-page","status-publish","hentry"],"yoast_head":"<!-- This site is optimized with the Yoast SEO plugin v27.4 - https:\/\/yoast.com\/product\/yoast-seo-wordpress\/ -->\n<title>Datenschutzerkl\u00e4rung - Wickon Hightech s.r.o.<\/title>\n<meta name=\"robots\" content=\"index, follow, max-snippet:-1, max-image-preview:large, max-video-preview:-1\" \/>\n<link rel=\"canonical\" href=\"https:\/\/wickon.com\/de\/datenschutzerklaerung\/\" \/>\n<meta property=\"og:locale\" content=\"de_DE\" \/>\n<meta property=\"og:type\" content=\"article\" \/>\n<meta property=\"og:title\" content=\"Datenschutzerkl\u00e4rung - Wickon Hightech s.r.o.\" \/>\n<meta property=\"og:description\" content=\"Datenschutzerkl\u00e4rung gem\u00e4\u00df Artikel 13 der Datenschutz-Grundverordnung (DSGVO) Wir freuen uns \u00fcber Ihr Interesse an unserer Website. Das Vertrauen aller Besucher, die Sicherheit Ihrer Daten und der Schutz Ihrer Privatsph\u00e4re sind uns sehr wichtig. Deshalb behandeln wir Ihre personenbezogenen Daten gem\u00e4\u00df den geltenden Datenschutzgesetzen und dieser Datenschutzerkl\u00e4rung. Personenbezogene Daten sind Informationen, die dazu genutzt werden k\u00f6nnen, [&hellip;]\" \/>\n<meta property=\"og:url\" content=\"https:\/\/wickon.com\/de\/datenschutzerklaerung\/\" \/>\n<meta property=\"og:site_name\" content=\"Wickon Hightech s.r.o.\" \/>\n<meta property=\"article:modified_time\" content=\"2025-10-30T17:52:17+00:00\" \/>\n<meta name=\"twitter:card\" content=\"summary_large_image\" \/>\n<meta name=\"twitter:label1\" content=\"Gesch\u00e4tzte Lesezeit\" \/>\n\t<meta name=\"twitter:data1\" content=\"7\u00a0Minuten\" \/>\n<script type=\"application\/ld+json\" class=\"yoast-schema-graph\">{\"@context\":\"https:\\\/\\\/schema.org\",\"@graph\":[{\"@type\":\"WebPage\",\"@id\":\"https:\\\/\\\/wickon.com\\\/de\\\/datenschutzerklaerung\\\/\",\"url\":\"https:\\\/\\\/wickon.com\\\/de\\\/datenschutzerklaerung\\\/\",\"name\":\"Datenschutzerkl\u00e4rung - Wickon Hightech s.r.o.\",\"isPartOf\":{\"@id\":\"https:\\\/\\\/wickon.com\\\/de\\\/#website\"},\"datePublished\":\"2025-05-19T14:43:54+00:00\",\"dateModified\":\"2025-10-30T17:52:17+00:00\",\"breadcrumb\":{\"@id\":\"https:\\\/\\\/wickon.com\\\/de\\\/datenschutzerklaerung\\\/#breadcrumb\"},\"inLanguage\":\"de\",\"potentialAction\":[{\"@type\":\"ReadAction\",\"target\":[\"https:\\\/\\\/wickon.com\\\/de\\\/datenschutzerklaerung\\\/\"]}]},{\"@type\":\"BreadcrumbList\",\"@id\":\"https:\\\/\\\/wickon.com\\\/de\\\/datenschutzerklaerung\\\/#breadcrumb\",\"itemListElement\":[{\"@type\":\"ListItem\",\"position\":1,\"name\":\"Home\",\"item\":\"https:\\\/\\\/wickon.com\\\/de\\\/\"},{\"@type\":\"ListItem\",\"position\":2,\"name\":\"Datenschutzerkl\u00e4rung\"}]},{\"@type\":\"WebSite\",\"@id\":\"https:\\\/\\\/wickon.com\\\/de\\\/#website\",\"url\":\"https:\\\/\\\/wickon.com\\\/de\\\/\",\"name\":\"Wickon Hightech s.r.o.\",\"description\":\"Automated Optical Inspection Systems (AOI) for industry\",\"publisher\":{\"@id\":\"https:\\\/\\\/wickon.com\\\/de\\\/#organization\"},\"potentialAction\":[{\"@type\":\"SearchAction\",\"target\":{\"@type\":\"EntryPoint\",\"urlTemplate\":\"https:\\\/\\\/wickon.com\\\/de\\\/?s={search_term_string}\"},\"query-input\":{\"@type\":\"PropertyValueSpecification\",\"valueRequired\":true,\"valueName\":\"search_term_string\"}}],\"inLanguage\":\"de\"},{\"@type\":\"Organization\",\"@id\":\"https:\\\/\\\/wickon.com\\\/de\\\/#organization\",\"name\":\"Wickon Hightech s.r.o.\",\"url\":\"https:\\\/\\\/wickon.com\\\/de\\\/\",\"logo\":{\"@type\":\"ImageObject\",\"inLanguage\":\"de\",\"@id\":\"https:\\\/\\\/wickon.com\\\/de\\\/#\\\/schema\\\/logo\\\/image\\\/\",\"url\":\"https:\\\/\\\/wickon.com\\\/wp-content\\\/uploads\\\/2025\\\/05\\\/wickon_logo-scaled.png\",\"contentUrl\":\"https:\\\/\\\/wickon.com\\\/wp-content\\\/uploads\\\/2025\\\/05\\\/wickon_logo-scaled.png\",\"width\":2560,\"height\":846,\"caption\":\"Wickon Hightech s.r.o.\"},\"image\":{\"@id\":\"https:\\\/\\\/wickon.com\\\/de\\\/#\\\/schema\\\/logo\\\/image\\\/\"}}]}<\/script>\n<!-- \/ Yoast SEO plugin. -->","yoast_head_json":{"title":"Datenschutzerkl\u00e4rung - Wickon Hightech s.r.o.","robots":{"index":"index","follow":"follow","max-snippet":"max-snippet:-1","max-image-preview":"max-image-preview:large","max-video-preview":"max-video-preview:-1"},"canonical":"https:\/\/wickon.com\/de\/datenschutzerklaerung\/","og_locale":"de_DE","og_type":"article","og_title":"Datenschutzerkl\u00e4rung - Wickon Hightech s.r.o.","og_description":"Datenschutzerkl\u00e4rung gem\u00e4\u00df Artikel 13 der Datenschutz-Grundverordnung (DSGVO) Wir freuen uns \u00fcber Ihr Interesse an unserer Website. Das Vertrauen aller Besucher, die Sicherheit Ihrer Daten und der Schutz Ihrer Privatsph\u00e4re sind uns sehr wichtig. Deshalb behandeln wir Ihre personenbezogenen Daten gem\u00e4\u00df den geltenden Datenschutzgesetzen und dieser Datenschutzerkl\u00e4rung. Personenbezogene Daten sind Informationen, die dazu genutzt werden k\u00f6nnen, [&hellip;]","og_url":"https:\/\/wickon.com\/de\/datenschutzerklaerung\/","og_site_name":"Wickon Hightech s.r.o.","article_modified_time":"2025-10-30T17:52:17+00:00","twitter_card":"summary_large_image","twitter_misc":{"Gesch\u00e4tzte Lesezeit":"7\u00a0Minuten"},"schema":{"@context":"https:\/\/schema.org","@graph":[{"@type":"WebPage","@id":"https:\/\/wickon.com\/de\/datenschutzerklaerung\/","url":"https:\/\/wickon.com\/de\/datenschutzerklaerung\/","name":"Datenschutzerkl\u00e4rung - Wickon Hightech s.r.o.","isPartOf":{"@id":"https:\/\/wickon.com\/de\/#website"},"datePublished":"2025-05-19T14:43:54+00:00","dateModified":"2025-10-30T17:52:17+00:00","breadcrumb":{"@id":"https:\/\/wickon.com\/de\/datenschutzerklaerung\/#breadcrumb"},"inLanguage":"de","potentialAction":[{"@type":"ReadAction","target":["https:\/\/wickon.com\/de\/datenschutzerklaerung\/"]}]},{"@type":"BreadcrumbList","@id":"https:\/\/wickon.com\/de\/datenschutzerklaerung\/#breadcrumb","itemListElement":[{"@type":"ListItem","position":1,"name":"Home","item":"https:\/\/wickon.com\/de\/"},{"@type":"ListItem","position":2,"name":"Datenschutzerkl\u00e4rung"}]},{"@type":"WebSite","@id":"https:\/\/wickon.com\/de\/#website","url":"https:\/\/wickon.com\/de\/","name":"Wickon Hightech s.r.o.","description":"Automated Optical Inspection Systems (AOI) for industry","publisher":{"@id":"https:\/\/wickon.com\/de\/#organization"},"potentialAction":[{"@type":"SearchAction","target":{"@type":"EntryPoint","urlTemplate":"https:\/\/wickon.com\/de\/?s={search_term_string}"},"query-input":{"@type":"PropertyValueSpecification","valueRequired":true,"valueName":"search_term_string"}}],"inLanguage":"de"},{"@type":"Organization","@id":"https:\/\/wickon.com\/de\/#organization","name":"Wickon Hightech s.r.o.","url":"https:\/\/wickon.com\/de\/","logo":{"@type":"ImageObject","inLanguage":"de","@id":"https:\/\/wickon.com\/de\/#\/schema\/logo\/image\/","url":"https:\/\/wickon.com\/wp-content\/uploads\/2025\/05\/wickon_logo-scaled.png","contentUrl":"https:\/\/wickon.com\/wp-content\/uploads\/2025\/05\/wickon_logo-scaled.png","width":2560,"height":846,"caption":"Wickon Hightech s.r.o."},"image":{"@id":"https:\/\/wickon.com\/de\/#\/schema\/logo\/image\/"}}]}},"_links":{"self":[{"href":"https:\/\/wickon.com\/de\/wp-json\/wp\/v2\/pages\/3429","targetHints":{"allow":["GET"]}}],"collection":[{"href":"https:\/\/wickon.com\/de\/wp-json\/wp\/v2\/pages"}],"about":[{"href":"https:\/\/wickon.com\/de\/wp-json\/wp\/v2\/types\/page"}],"author":[{"embeddable":true,"href":"https:\/\/wickon.com\/de\/wp-json\/wp\/v2\/users\/5"}],"replies":[{"embeddable":true,"href":"https:\/\/wickon.com\/de\/wp-json\/wp\/v2\/comments?post=3429"}],"version-history":[{"count":0,"href":"https:\/\/wickon.com\/de\/wp-json\/wp\/v2\/pages\/3429\/revisions"}],"wp:attachment":[{"href":"https:\/\/wickon.com\/de\/wp-json\/wp\/v2\/media?parent=3429"}],"curies":[{"name":"wp","href":"https:\/\/api.w.org\/{rel}","templated":true}]}}